{"id":13,"date":"2016-09-06T12:31:02","date_gmt":"2016-09-06T12:31:02","guid":{"rendered":"http:\/\/www.dadalogluasm.com\/?page_id=13"},"modified":"2026-04-22T08:25:02","modified_gmt":"2026-04-22T08:25:02","slug":"calisma-tablosu","status":"publish","type":"page","link":"https:\/\/menemen11noluasm.com.tr\/index.php\/calisma-tablosu\/","title":{"rendered":"\u00c7al\u0131\u015fma Tablosu"},"content":{"rendered":"<div class=\"smPagesParagraph\"><img loading=\"lazy\" decoding=\"async\" class=\"aligncenter size-full wp-image-300\" src=\"https:\/\/menemen11noluasm.com.tr\/wp-content\/uploads\/2026\/04\/WhatsApp-Image-2026-04-01-at-13.21.45.jpeg\" alt=\"\" width=\"2000\" height=\"1500\" srcset=\"https:\/\/menemen11noluasm.com.tr\/wp-content\/uploads\/2026\/04\/WhatsApp-Image-2026-04-01-at-13.21.45.jpeg 2000w, https:\/\/menemen11noluasm.com.tr\/wp-content\/uploads\/2026\/04\/WhatsApp-Image-2026-04-01-at-13.21.45-300x225.jpeg 300w, https:\/\/menemen11noluasm.com.tr\/wp-content\/uploads\/2026\/04\/WhatsApp-Image-2026-04-01-at-13.21.45-1024x768.jpeg 1024w, https:\/\/menemen11noluasm.com.tr\/wp-content\/uploads\/2026\/04\/WhatsApp-Image-2026-04-01-at-13.21.45-768x576.jpeg 768w, https:\/\/menemen11noluasm.com.tr\/wp-content\/uploads\/2026\/04\/WhatsApp-Image-2026-04-01-at-13.21.45-1536x1152.jpeg 1536w\" sizes=\"auto, (max-width: 2000px) 100vw, 2000px\" \/><img loading=\"lazy\" decoding=\"async\" class=\"aligncenter size-full wp-image-264\" src=\"https:\/\/menemen11noluasm.com.tr\/wp-content\/uploads\/2023\/02\/Mustafa-Karaca.jpeg\" alt=\"\" width=\"1011\" height=\"722\" srcset=\"https:\/\/menemen11noluasm.com.tr\/wp-content\/uploads\/2023\/02\/Mustafa-Karaca.jpeg 1011w, https:\/\/menemen11noluasm.com.tr\/wp-content\/uploads\/2023\/02\/Mustafa-Karaca-300x214.jpeg 300w, https:\/\/menemen11noluasm.com.tr\/wp-content\/uploads\/2023\/02\/Mustafa-Karaca-768x548.jpeg 768w\" sizes=\"auto, (max-width: 1011px) 100vw, 1011px\" \/>Aile Sa\u011fl\u0131\u011f\u0131 Merkezi \u00c7al\u0131\u015fma Saatleri Hafta \u0130\u00e7i 08.00-19.00 aras\u0131ndad\u0131r.<\/div>\r\n<div>\u00a0<\/div>\r\n<div class=\"smPagesParagraph\"><strong>PAZARTES\u0130: <\/strong>Dr.Mustafa Karaca 10.00-19.00 aras\u0131<\/div>\r\n<div class=\"smPagesParagraph\"><strong>SALI: <\/strong>Dr.\u0130brahim \u00d6zbek 10.00-19.00 aras\u0131<\/div>\r\n<div class=\"smPagesParagraph\"><strong>\u00c7AR\u015eAMBA:<\/strong>Dr.Hatice Bilgin Sar\u0131 10.00-19.00 aras\u0131<\/div>\r\n<div class=\"smPagesParagraph\"><strong>PER\u015eEMBE:<\/strong>Uzm.Dr.\u00c7a\u011fr\u0131 Dursun 10.00-19.00 aras\u0131<\/div>\r\n<div class=\"smPagesParagraph\"><strong>CUMA:<\/strong>Dr.Evrim Ta\u015f\u00e7\u0131 10.00-19.00 aras\u0131\u00a0 \u00a0esnek mesai yapmaktad\u0131r.<\/div>\r\n<div>\u00a0<\/div>\r\n<div class=\"smPagesParagraph\"><strong>NOT:L\u00fctfen hekiminizin \u00e7al\u0131\u015fma saatlerine g\u00f6re ba\u015fvurunuz.<\/strong><\/div>\r\n<p>&nbsp;<\/p>\r\n\r\n<figure class=\"wp-block-image size-full\"><img loading=\"lazy\" decoding=\"async\" class=\"alignnone wp-image-258 size-full\" src=\"https:\/\/menemen11noluasm.com.tr\/wp-content\/uploads\/2023\/02\/Cagri-Dursun.jpeg\" alt=\"\" width=\"1011\" height=\"737\" srcset=\"https:\/\/menemen11noluasm.com.tr\/wp-content\/uploads\/2023\/02\/Cagri-Dursun.jpeg 1011w, https:\/\/menemen11noluasm.com.tr\/wp-content\/uploads\/2023\/02\/Cagri-Dursun-300x219.jpeg 300w, https:\/\/menemen11noluasm.com.tr\/wp-content\/uploads\/2023\/02\/Cagri-Dursun-768x560.jpeg 768w\" sizes=\"auto, (max-width: 1011px) 100vw, 1011px\" \/><\/figure>\r\n<p><img loading=\"lazy\" decoding=\"async\" class=\"aligncenter size-full wp-image-260\" src=\"https:\/\/menemen11noluasm.com.tr\/wp-content\/uploads\/2023\/02\/EvrimTasci.jpeg\" alt=\"\" width=\"1024\" height=\"699\" srcset=\"https:\/\/menemen11noluasm.com.tr\/wp-content\/uploads\/2023\/02\/EvrimTasci.jpeg 1024w, https:\/\/menemen11noluasm.com.tr\/wp-content\/uploads\/2023\/02\/EvrimTasci-300x205.jpeg 300w, https:\/\/menemen11noluasm.com.tr\/wp-content\/uploads\/2023\/02\/EvrimTasci-768x524.jpeg 768w\" sizes=\"auto, (max-width: 1024px) 100vw, 1024px\" \/><\/p>\r\n<p><img loading=\"lazy\" decoding=\"async\" class=\"aligncenter size-full wp-image-288\" src=\"https:\/\/menemen11noluasm.com.tr\/wp-content\/uploads\/2025\/02\/WhatsApp-Image-2025-02-28-at-10.02.54.jpeg\" alt=\"\" width=\"1600\" height=\"1168\" srcset=\"https:\/\/menemen11noluasm.com.tr\/wp-content\/uploads\/2025\/02\/WhatsApp-Image-2025-02-28-at-10.02.54.jpeg 1600w, https:\/\/menemen11noluasm.com.tr\/wp-content\/uploads\/2025\/02\/WhatsApp-Image-2025-02-28-at-10.02.54-300x219.jpeg 300w, https:\/\/menemen11noluasm.com.tr\/wp-content\/uploads\/2025\/02\/WhatsApp-Image-2025-02-28-at-10.02.54-1024x748.jpeg 1024w, https:\/\/menemen11noluasm.com.tr\/wp-content\/uploads\/2025\/02\/WhatsApp-Image-2025-02-28-at-10.02.54-768x561.jpeg 768w, https:\/\/menemen11noluasm.com.tr\/wp-content\/uploads\/2025\/02\/WhatsApp-Image-2025-02-28-at-10.02.54-1536x1121.jpeg 1536w\" sizes=\"auto, (max-width: 1600px) 100vw, 1600px\" \/><\/p>\r\n<p><img loading=\"lazy\" decoding=\"async\" class=\"aligncenter size-full wp-image-307\" src=\"https:\/\/menemen11noluasm.com.tr\/wp-content\/uploads\/2026\/04\/WhatsApp-Image-2026-04-22-at-11.23.40.jpeg\" alt=\"\" width=\"976\" height=\"1350\" srcset=\"https:\/\/menemen11noluasm.com.tr\/wp-content\/uploads\/2026\/04\/WhatsApp-Image-2026-04-22-at-11.23.40.jpeg 976w, https:\/\/menemen11noluasm.com.tr\/wp-content\/uploads\/2026\/04\/WhatsApp-Image-2026-04-22-at-11.23.40-217x300.jpeg 217w, https:\/\/menemen11noluasm.com.tr\/wp-content\/uploads\/2026\/04\/WhatsApp-Image-2026-04-22-at-11.23.40-740x1024.jpeg 740w, https:\/\/menemen11noluasm.com.tr\/wp-content\/uploads\/2026\/04\/WhatsApp-Image-2026-04-22-at-11.23.40-768x1062.jpeg 768w\" sizes=\"auto, (max-width: 976px) 100vw, 976px\" \/><\/p>\r\n<p><img loading=\"lazy\" decoding=\"async\" class=\"aligncenter size-full wp-image-263\" src=\"https:\/\/menemen11noluasm.com.tr\/wp-content\/uploads\/2023\/02\/Mehmet-Nuri-Gedik.jpeg\" alt=\"\" width=\"1018\" height=\"707\" srcset=\"https:\/\/menemen11noluasm.com.tr\/wp-content\/uploads\/2023\/02\/Mehmet-Nuri-Gedik.jpeg 1018w, https:\/\/menemen11noluasm.com.tr\/wp-content\/uploads\/2023\/02\/Mehmet-Nuri-Gedik-300x208.jpeg 300w, https:\/\/menemen11noluasm.com.tr\/wp-content\/uploads\/2023\/02\/Mehmet-Nuri-Gedik-768x533.jpeg 768w\" sizes=\"auto, (max-width: 1018px) 100vw, 1018px\" \/><\/p>\r\n<p>&nbsp;<\/p>\r\n","protected":false},"excerpt":{"rendered":"<p>Aile Sa\u011fl\u0131\u011f\u0131 Merkezi \u00c7al\u0131\u015fma Saatleri Hafta \u0130\u00e7i 08.00-19.00 aras\u0131ndad\u0131r. \u00a0 PAZARTES\u0130: Dr.Mustafa Karaca 10.00-19.00 aras\u0131 SALI: Dr.\u0130brahim \u00d6zbek 10.00-19.00 aras\u0131 \u00c7AR\u015eAMBA:Dr.Hatice Bilgin Sar\u0131 10.00-19.00 aras\u0131 PER\u015eEMBE:Uzm.Dr.\u00c7a\u011fr\u0131 Dursun 10.00-19.00 aras\u0131 CUMA:Dr.Evrim Ta\u015f\u00e7\u0131 10.00-19.00 aras\u0131\u00a0 \u00a0esnek mesai yapmaktad\u0131r. \u00a0 NOT:L\u00fctfen hekiminizin \u00e7al\u0131\u015fma &hellip;<\/p>\n","protected":false},"author":1,"featured_media":0,"parent":0,"menu_order":0,"comment_status":"closed","ping_status":"closed","template":"template-full.php","meta":{"footnotes":""},"class_list":["post-13","page","type-page","status-publish","hentry"],"_links":{"self":[{"href":"https:\/\/menemen11noluasm.com.tr\/index.php\/wp-json\/wp\/v2\/pages\/13","targetHints":{"allow":["GET"]}}],"collection":[{"href":"https:\/\/menemen11noluasm.com.tr\/index.php\/wp-json\/wp\/v2\/pages"}],"about":[{"href":"https:\/\/menemen11noluasm.com.tr\/index.php\/wp-json\/wp\/v2\/types\/page"}],"author":[{"embeddable":true,"href":"https:\/\/menemen11noluasm.com.tr\/index.php\/wp-json\/wp\/v2\/users\/1"}],"replies":[{"embeddable":true,"href":"https:\/\/menemen11noluasm.com.tr\/index.php\/wp-json\/wp\/v2\/comments?post=13"}],"version-history":[{"count":22,"href":"https:\/\/menemen11noluasm.com.tr\/index.php\/wp-json\/wp\/v2\/pages\/13\/revisions"}],"predecessor-version":[{"id":308,"href":"https:\/\/menemen11noluasm.com.tr\/index.php\/wp-json\/wp\/v2\/pages\/13\/revisions\/308"}],"wp:attachment":[{"href":"https:\/\/menemen11noluasm.com.tr\/index.php\/wp-json\/wp\/v2\/media?parent=13"}],"curies":[{"name":"wp","href":"https:\/\/api.w.org\/{rel}","templated":true}]}}