{"id":19,"date":"2016-09-06T12:32:06","date_gmt":"2016-09-06T12:32:06","guid":{"rendered":"http:\/\/www.dadalogluasm.com\/?page_id=19"},"modified":"2026-04-03T07:53:21","modified_gmt":"2026-04-03T07:53:21","slug":"iletisim","status":"publish","type":"page","link":"https:\/\/menemen11noluasm.com.tr\/index.php\/iletisim\/","title":{"rendered":"\u0130leti\u015fim"},"content":{"rendered":"<div class=\"smPagesParagraph\"><strong>Adres<\/strong><\/div>\n<div class=\"smPagesParagraph\">\u0130SMET \u0130N\u00d6N\u00dc MAHALLES\u0130 1271\/1 SOKAK 4\/A MENEMEN \/\u0130ZM\u0130R<\/div>\n<div class=\"smPagesParagraph\"><\/div>\n<div class=\"smPagesParagraph\"><\/div>\n<div class=\"smPagesParagraph\"><\/div>\n<div class=\"smPagesParagraph\"><strong>Telefon:<\/strong><\/div>\n<div class=\"smPagesParagraph\">02328323300 (SANTRAL)<br \/>\nEbe Odas\u0131:111<br \/>\nUzm.Dr.\u00c7a\u011fr\u0131 DURSUN:117<br \/>\nDr.Evrim TA\u015e\u00c7I :116<br \/>\nDr.Mehmet Nuri GED\u0130K:115<br \/>\nDr.Mustafa KARACA:114<br \/>\nDr.\u0130brahim \u00d6ZBEK:113<\/div>\n<div class=\"smPagesParagraph\">Dr.Olga \u0130VANENKO<br \/>\nUzm. Dr.G\u00fclper ARIBA\u015e:112<\/div>\n<div class=\"smPagesParagraph\"><\/div>\n<div class=\"smPagesParagraph\"><\/div>\n<div class=\"smPagesParagraph\">\n<p><strong><strong>Email:<\/strong><\/strong><\/p>\n<\/div>\n<div class=\"smPagesParagraph\">menemen11noluasm@hekim.net<\/div>\n<div class=\"smPagesParagraph\"><\/div>\n<div class=\"smPagesParagraph\"><strong>Menemen \u0130l\u00e7e Sa\u011fl\u0131k M\u00fcd\u00fcrl\u00fc\u011f\u00fc Adresi:<\/strong>\u00a0<span id=\"ContentPlaceHolder2_GridView2_Label2_0\">Menemen H\u00fck\u00fcmet Kona\u011f\u0131 Mermerli Mh. \u015eehit Aycan Aksoy Cd. No: 63 \/ MENEMEN<\/span><\/div>\n<div class=\"smPagesParagraph\">Santral: +90 232 831 10 97<\/div>\n<div class=\"smPagesParagraph\">Faks:+90 232 831 10 96<\/div>\n<div class=\"smPagesParagraph\"><\/div>\n<div class=\"smPagesParagraph\"><strong>\u0130zmir \u0130l Sa\u011fl\u0131k M\u00fcd\u00fcrl\u00fc\u011f\u00fc\u00a0<a href=\"https:\/\/www.google.com\/search?sxsrf=ACYBGNT_QK3Ipg4EYnpzPHdvv6bcSIb3Ng:1570628877193&amp;q=i%CC%87zmir+i%CC%87l+sa%C4%9Fl%C4%B1k+m%C3%BCd%C3%BCrl%C3%BC%C4%9F%C3%BC+adres&amp;stick=H4sIAAAAAAAAAOPgE-LVT9c3NEw2tSxIMy2O15LNTrbSz8lPTizJzM-DM6wSU1KKUouLF7FqZZ5pr8rNLFIA0jkKxYlH5ucc2ZitkHt4T8rhPUU5h_ccmX94j0IiSDUAekQ77F0AAAA&amp;ludocid=5884404834137576373&amp;sa=X&amp;ved=2ahUKEwj_t6XCqI_lAhXFY1AKHRfPD5EQ6BMwA3oECAEQIQ&amp;sxsrf=ACYBGNT_QK3Ipg4EYnpzPHdvv6bcSIb3Ng:1570628877193\">Adresi<\/a>:\u00a0<\/strong>S\u00fcmer, 451. Sk. No:2, 35260 Konak\/\u0130zmir Telefon:\u00a0444 3 501<\/div>\n<div class=\"smPagesParagraph\"><strong>\u00a0<\/strong><\/div>\n<div class=\"smPagesParagraph\"><strong>T.C. Sa\u011fl\u0131k Bakanl\u0131\u011f\u0131 Adres:\u00a0<\/strong>Bilkent yerle\u015fkesi , \u00dcniversiteler mah. Dumlup\u0131nar bulvar\u0131 6001. Cad. No:9 \u00c7ankaya\/Ankara 06800<\/div>\n<div class=\"smPagesParagraph\">Tel\u00a0:+90 (312) 585 1000<\/div>\n","protected":false},"excerpt":{"rendered":"<p>Adres \u0130SMET \u0130N\u00d6N\u00dc MAHALLES\u0130 1271\/1 SOKAK 4\/A MENEMEN \/\u0130ZM\u0130R Telefon: 02328323300 (SANTRAL) Ebe Odas\u0131:111 Uzm.Dr.\u00c7a\u011fr\u0131 DURSUN:117 Dr.Evrim TA\u015e\u00c7I :116 Dr.Mehmet Nuri GED\u0130K:115 Dr.Mustafa KARACA:114 Dr.\u0130brahim \u00d6ZBEK:113 Dr.Olga \u0130VANENKO Uzm. Dr.G\u00fclper ARIBA\u015e:112 Email: menemen11noluasm@hekim.net Menemen \u0130l\u00e7e Sa\u011fl\u0131k M\u00fcd\u00fcrl\u00fc\u011f\u00fc Adresi:\u00a0Menemen H\u00fck\u00fcmet Kona\u011f\u0131 &hellip;<\/p>\n","protected":false},"author":1,"featured_media":0,"parent":0,"menu_order":0,"comment_status":"closed","ping_status":"closed","template":"template-full.php","meta":{"footnotes":""},"class_list":["post-19","page","type-page","status-publish","hentry"],"_links":{"self":[{"href":"https:\/\/menemen11noluasm.com.tr\/index.php\/wp-json\/wp\/v2\/pages\/19","targetHints":{"allow":["GET"]}}],"collection":[{"href":"https:\/\/menemen11noluasm.com.tr\/index.php\/wp-json\/wp\/v2\/pages"}],"about":[{"href":"https:\/\/menemen11noluasm.com.tr\/index.php\/wp-json\/wp\/v2\/types\/page"}],"author":[{"embeddable":true,"href":"https:\/\/menemen11noluasm.com.tr\/index.php\/wp-json\/wp\/v2\/users\/1"}],"replies":[{"embeddable":true,"href":"https:\/\/menemen11noluasm.com.tr\/index.php\/wp-json\/wp\/v2\/comments?post=19"}],"version-history":[{"count":16,"href":"https:\/\/menemen11noluasm.com.tr\/index.php\/wp-json\/wp\/v2\/pages\/19\/revisions"}],"predecessor-version":[{"id":303,"href":"https:\/\/menemen11noluasm.com.tr\/index.php\/wp-json\/wp\/v2\/pages\/19\/revisions\/303"}],"wp:attachment":[{"href":"https:\/\/menemen11noluasm.com.tr\/index.php\/wp-json\/wp\/v2\/media?parent=19"}],"curies":[{"name":"wp","href":"https:\/\/api.w.org\/{rel}","templated":true}]}}