{"id":63,"date":"2017-10-06T11:50:00","date_gmt":"2017-10-06T11:50:00","guid":{"rendered":"http:\/\/www.dadalogluasm.com\/?page_id=63"},"modified":"2026-04-03T07:44:32","modified_gmt":"2026-04-03T07:44:32","slug":"kadromuz","status":"publish","type":"page","link":"https:\/\/menemen11noluasm.com.tr\/index.php\/kadromuz\/","title":{"rendered":"Kadromuz"},"content":{"rendered":"<div class=\"smPagesParagraph\">35.021.015 NO\u2019LU B\u0130R\u0130M\u00a0<strong>Uzm.Dr.\u00c7a\u011fr\u0131 DURSUN\u00a0 \u00a0<\/strong>(Ebe:Nurcan SEZG\u0130N)<\/div>\n<div class=\"smPagesParagraph\">35.021.016 NO\u2019LU B\u0130R\u0130M\u00a0<strong>Dr.Evrim TA\u015e\u00c7I\u00a0\u00a0<\/strong>\u00a0(Ebe: \u00d6zlem TEK\u0130N)<\/div>\n<div class=\"smPagesParagraph\">35.021.031 NO\u2019LU B\u0130R\u0130M<strong>\u00a0Dr.Mehmet Nuri GED\u0130K<\/strong> (Ebe: \u00d6znur U\u00c7AK)<\/div>\n<div class=\"smPagesParagraph\">35.021.038 NO\u2019LU B\u0130R\u0130M\u00a0<strong>Dr.Mustafa KARACA\u00a0\u00a0<\/strong>(Ebe:Ne\u015fe \u015eAH\u0130N)<\/div>\n<div class=\"smPagesParagraph\">\n<div class=\"smPagesParagraph\">35.021.048 NO\u2019LU B\u0130R\u0130M\u00a0<strong>Dr.\u0130brahim \u00d6ZBEK<\/strong>\u00a0 (Hem\u015fire: Neslihan Yalva\u00e7)<\/div>\n<div>\n<div class=\"smPagesParagraph\">35.021.049 NO\u2019LU B\u0130R\u0130M <strong>Uzm<\/strong>.<strong>Dr.G\u00fclper ARIBA\u015e<\/strong>(Ebe:Derya\u00a0Aky\u0131lmaz)<\/div>\n<div>35.021.059 NO&#8217;LU B\u0130R\u0130M <strong>Dr.Olga \u0130VANENKO<\/strong><\/div>\n<\/div>\n<\/div>\n<div>\n<div><\/div>\n<div class=\"smPagesParagraph\">Hem\u015fire: Elif Ta\u015f<\/div>\n<div class=\"smPagesParagraph\">Hem\u015fire: B\u00fc\u015fra Nur \u00d6zg\u00fcl<\/div>\n<div class=\"smPagesParagraph\">Hem\u015fir: Sidar Hasbay<\/div>\n<div>Personel: Emel Terlemez<\/div>\n<div>Personel: Sevilay \u00c7opur<\/div>\n<\/div>\n","protected":false},"excerpt":{"rendered":"<p>35.021.015 NO\u2019LU B\u0130R\u0130M\u00a0Uzm.Dr.\u00c7a\u011fr\u0131 DURSUN\u00a0 \u00a0(Ebe:Nurcan SEZG\u0130N) 35.021.016 NO\u2019LU B\u0130R\u0130M\u00a0Dr.Evrim TA\u015e\u00c7I\u00a0\u00a0\u00a0(Ebe: \u00d6zlem TEK\u0130N) 35.021.031 NO\u2019LU B\u0130R\u0130M\u00a0Dr.Mehmet Nuri GED\u0130K (Ebe: \u00d6znur U\u00c7AK) 35.021.038 NO\u2019LU B\u0130R\u0130M\u00a0Dr.Mustafa KARACA\u00a0\u00a0(Ebe:Ne\u015fe \u015eAH\u0130N) 35.021.048 NO\u2019LU B\u0130R\u0130M\u00a0Dr.\u0130brahim \u00d6ZBEK\u00a0 (Hem\u015fire: Neslihan Yalva\u00e7) 35.021.049 NO\u2019LU B\u0130R\u0130M Uzm.Dr.G\u00fclper ARIBA\u015e(Ebe:Derya\u00a0Aky\u0131lmaz) 35.021.059 NO&#8217;LU B\u0130R\u0130M &hellip;<\/p>\n","protected":false},"author":1,"featured_media":0,"parent":0,"menu_order":0,"comment_status":"closed","ping_status":"closed","template":"template-full.php","meta":{"footnotes":""},"class_list":["post-63","page","type-page","status-publish","hentry"],"_links":{"self":[{"href":"https:\/\/menemen11noluasm.com.tr\/index.php\/wp-json\/wp\/v2\/pages\/63","targetHints":{"allow":["GET"]}}],"collection":[{"href":"https:\/\/menemen11noluasm.com.tr\/index.php\/wp-json\/wp\/v2\/pages"}],"about":[{"href":"https:\/\/menemen11noluasm.com.tr\/index.php\/wp-json\/wp\/v2\/types\/page"}],"author":[{"embeddable":true,"href":"https:\/\/menemen11noluasm.com.tr\/index.php\/wp-json\/wp\/v2\/users\/1"}],"replies":[{"embeddable":true,"href":"https:\/\/menemen11noluasm.com.tr\/index.php\/wp-json\/wp\/v2\/comments?post=63"}],"version-history":[{"count":20,"href":"https:\/\/menemen11noluasm.com.tr\/index.php\/wp-json\/wp\/v2\/pages\/63\/revisions"}],"predecessor-version":[{"id":299,"href":"https:\/\/menemen11noluasm.com.tr\/index.php\/wp-json\/wp\/v2\/pages\/63\/revisions\/299"}],"wp:attachment":[{"href":"https:\/\/menemen11noluasm.com.tr\/index.php\/wp-json\/wp\/v2\/media?parent=63"}],"curies":[{"name":"wp","href":"https:\/\/api.w.org\/{rel}","templated":true}]}}